{"id":69,"date":"2020-07-22T15:10:10","date_gmt":"2020-07-22T15:10:10","guid":{"rendered":"https:\/\/cerealescusato.com.ar\/?page_id=69"},"modified":"2020-07-22T15:10:10","modified_gmt":"2020-07-22T15:10:10","slug":"nosotros","status":"publish","type":"page","link":"https:\/\/cerealescusato.com.ar\/?page_id=69","title":{"rendered":"Nosotros"},"content":{"rendered":"<div class=\"wpb-content-wrapper\"><p>[vc_row type=&#8221;full-nopad&#8221;][vc_column offset=&#8221;vc_hidden-md vc_hidden-sm vc_hidden-xs&#8221;][vc_column_text]<img loading=\"lazy\" decoding=\"async\" class=\"aligncenter size-full wp-image-235\" src=\"http:\/\/cerealescusato.com.ar\/wp-content\/uploads\/2020\/09\/servicios_cusato-cereales-acopio-de-cereales-_5-2.jpg\" alt=\"\" width=\"1903\" height=\"283\" srcset=\"https:\/\/cerealescusato.com.ar\/wp-content\/uploads\/2020\/09\/servicios_cusato-cereales-acopio-de-cereales-_5-2.jpg 1903w, https:\/\/cerealescusato.com.ar\/wp-content\/uploads\/2020\/09\/servicios_cusato-cereales-acopio-de-cereales-_5-2-300x45.jpg 300w, https:\/\/cerealescusato.com.ar\/wp-content\/uploads\/2020\/09\/servicios_cusato-cereales-acopio-de-cereales-_5-2-1024x152.jpg 1024w, https:\/\/cerealescusato.com.ar\/wp-content\/uploads\/2020\/09\/servicios_cusato-cereales-acopio-de-cereales-_5-2-768x114.jpg 768w, https:\/\/cerealescusato.com.ar\/wp-content\/uploads\/2020\/09\/servicios_cusato-cereales-acopio-de-cereales-_5-2-1536x228.jpg 1536w, https:\/\/cerealescusato.com.ar\/wp-content\/uploads\/2020\/09\/servicios_cusato-cereales-acopio-de-cereales-_5-2-350x52.jpg 350w, https:\/\/cerealescusato.com.ar\/wp-content\/uploads\/2020\/09\/servicios_cusato-cereales-acopio-de-cereales-_5-2-680x101.jpg 680w\" sizes=\"auto, (max-width: 1903px) 100vw, 1903px\" \/>[\/vc_column_text][\/vc_column][\/vc_row][vc_row type=&#8221;full-nopad&#8221;][vc_column offset=&#8221;vc_hidden-lg&#8221;][vc_column_text]<img loading=\"lazy\" decoding=\"async\" class=\"aligncenter size-full wp-image-161\" src=\"http:\/\/cerealescusato.com.ar\/wp-content\/uploads\/2020\/07\/cusato-cereales-acopio-de-cereales-cel-1.jpg\" alt=\"\" width=\"1241\" height=\"751\" srcset=\"https:\/\/cerealescusato.com.ar\/wp-content\/uploads\/2020\/07\/cusato-cereales-acopio-de-cereales-cel-1.jpg 1241w, https:\/\/cerealescusato.com.ar\/wp-content\/uploads\/2020\/07\/cusato-cereales-acopio-de-cereales-cel-1-300x182.jpg 300w, https:\/\/cerealescusato.com.ar\/wp-content\/uploads\/2020\/07\/cusato-cereales-acopio-de-cereales-cel-1-1024x620.jpg 1024w, https:\/\/cerealescusato.com.ar\/wp-content\/uploads\/2020\/07\/cusato-cereales-acopio-de-cereales-cel-1-768x465.jpg 768w, https:\/\/cerealescusato.com.ar\/wp-content\/uploads\/2020\/07\/cusato-cereales-acopio-de-cereales-cel-1-350x212.jpg 350w, https:\/\/cerealescusato.com.ar\/wp-content\/uploads\/2020\/07\/cusato-cereales-acopio-de-cereales-cel-1-680x412.jpg 680w\" sizes=\"auto, (max-width: 1241px) 100vw, 1241px\" \/>[\/vc_column_text][\/vc_column][\/vc_row][vc_row type=&#8221;full-nopad&#8221; css=&#8221;.vc_custom_1595355432605{background-color: #ffc300 !important;}&#8221;][vc_column width=&#8221;1\/6&#8243;][\/vc_column][vc_column width=&#8221;2\/3&#8243;][vc_empty_space height=&#8221;45px&#8221;][vc_empty_space height=&#8221;45px&#8221;][vc_column_text]<\/p>\n<h1 style=\"text-align: center;\">Desde 1960 estamos junto al productor agropecuario de nuestra regi\u00f3n para brindarle soluciones a su tarea con la suma de nuevos servicios.<\/h1>\n<p>[\/vc_column_text][vc_empty_space height=&#8221;45px&#8221;][vc_empty_space height=&#8221;45px&#8221;][\/vc_column][vc_column width=&#8221;1\/6&#8243;][\/vc_column][\/vc_row][vc_row][vc_column width=&#8221;1\/4&#8243;][\/vc_column][vc_column width=&#8221;1\/2&#8243;][vc_empty_space height=&#8221;45px&#8221;][vc_empty_space height=&#8221;45px&#8221;][vc_column_text]<\/p>\n<p style=\"text-align: justify;\">Jos\u00e9 A. Cusato S.A. es una empresa familiar dedicada, desde hace 60 a\u00f1os, al acopio y comercializaci\u00f3n de cereales. Nuestra firma tiene como objetivos fundamentales brindar garant\u00eda y confiabilidad al hombre de campo en las transacciones comerciales del producto de su trabajo.<\/p>\n<p style=\"text-align: justify;\">Con nuestras oficinas comerciales ubicadas en la localidad de Ferre, provincia de Buenos Aires, y dos plantas de silos, desarrollamos nuestra tarea en la zona productiva m\u00e1s importante del pa\u00eds.<\/p>\n<p style=\"text-align: justify;\">Desde 1960 estamos junto al productor agropecuario de nuestra regi\u00f3n para brindarle soluciones a su tarea con la suma de nuevos servicios.<br \/>\nDesde hace m\u00e1s de 60 a\u00f1os estamos al servicio del hombre de campo.<\/p>\n<p>[\/vc_column_text][vc_empty_space height=&#8221;45px&#8221;][vc_separator accent_color=&#8221;#ffca3a&#8221;][vc_empty_space height=&#8221;45px&#8221;][\/vc_column][vc_column width=&#8221;1\/4&#8243;][\/vc_column][\/vc_row][vc_row][vc_column width=&#8221;1\/4&#8243;][\/vc_column][vc_column width=&#8221;1\/2&#8243;][vc_column_text]<\/p>\n<p style=\"text-align: justify;\"><strong>Servicios Cusato Cereales<\/strong><br \/>\nAcopio y comercializaci\u00f3n de cereales.<br \/>\nVenta de semillas: ma\u00edz, trigo, soja.<br \/>\nVenta fertilizantes: urea granulada, urea perlada, fosfato diam\u00f3nico, fosfato Monoam\u00f3nico, super fosfato simple y mezclas azufradas.<br \/>\nVenta de herbicidas: inoculantes, curasemillas, fungicidas e insecticidas.<\/p>\n<p style=\"text-align: justify;\">Servicio de transporte de granos.<br \/>\nServicio de seguros: vida, granizo, automotores, accidente de trabajo, etc.<\/p>\n<p>[\/vc_column_text][vc_empty_space height=&#8221;45px&#8221;][vc_empty_space height=&#8221;45px&#8221;][vc_empty_space height=&#8221;45px&#8221;][vc_empty_space height=&#8221;45px&#8221;][\/vc_column][vc_column width=&#8221;1\/4&#8243;][\/vc_column][\/vc_row]<\/p>\n<\/div>","protected":false},"excerpt":{"rendered":"<p>[vc_row type=&#8221;full-nopad&#8221;][vc_column offset=&#8221;vc_hidden-md vc_hidden-sm vc_hidden-xs&#8221;][vc_column_text][\/vc_column_text][\/vc_column][\/vc_row][vc_row type=&#8221;full-nopad&#8221;][vc_column offset=&#8221;vc_hidden-lg&#8221;][vc_column_text][\/vc_column_text][\/vc_column][\/vc_row][vc_row type=&#8221;full-nopad&#8221; css=&#8221;.vc_custom_1595355432605{background-color: #ffc300 !important;}&#8221;][vc_column width=&#8221;1\/6&#8243;][\/vc_column][vc_column width=&#8221;2\/3&#8243;][vc_empty_space height=&#8221;45px&#8221;][vc_empty_space height=&#8221;45px&#8221;][vc_column_text] Desde 1960 estamos junto al productor agropecuario de nuestra regi\u00f3n para brindarle soluciones a su tarea con la suma de nuevos servicios. [\/vc_column_text][vc_empty_space height=&#8221;45px&#8221;][vc_empty_space height=&#8221;45px&#8221;][\/vc_column][vc_column width=&#8221;1\/6&#8243;][\/vc_column][\/vc_row][vc_row][vc_column width=&#8221;1\/4&#8243;][\/vc_column][vc_column width=&#8221;1\/2&#8243;][vc_empty_space height=&#8221;45px&#8221;][vc_empty_space height=&#8221;45px&#8221;][vc_column_text] Jos\u00e9 A. Cusato S.A. es una empresa familiar dedicada, desde &hellip;<\/p>\n","protected":false},"author":2,"featured_media":0,"parent":0,"menu_order":0,"comment_status":"closed","ping_status":"closed","template":"templates\/page-full.php","meta":{"footnotes":""},"class_list":["post-69","page","type-page","status-publish","hentry"],"_links":{"self":[{"href":"https:\/\/cerealescusato.com.ar\/index.php?rest_route=\/wp\/v2\/pages\/69","targetHints":{"allow":["GET"]}}],"collection":[{"href":"https:\/\/cerealescusato.com.ar\/index.php?rest_route=\/wp\/v2\/pages"}],"about":[{"href":"https:\/\/cerealescusato.com.ar\/index.php?rest_route=\/wp\/v2\/types\/page"}],"author":[{"embeddable":true,"href":"https:\/\/cerealescusato.com.ar\/index.php?rest_route=\/wp\/v2\/users\/2"}],"replies":[{"embeddable":true,"href":"https:\/\/cerealescusato.com.ar\/index.php?rest_route=%2Fwp%2Fv2%2Fcomments&post=69"}],"version-history":[{"count":0,"href":"https:\/\/cerealescusato.com.ar\/index.php?rest_route=\/wp\/v2\/pages\/69\/revisions"}],"wp:attachment":[{"href":"https:\/\/cerealescusato.com.ar\/index.php?rest_route=%2Fwp%2Fv2%2Fmedia&parent=69"}],"curies":[{"name":"wp","href":"https:\/\/api.w.org\/{rel}","templated":true}]}}