{"id":202,"date":"2020-07-21T18:09:01","date_gmt":"2020-07-21T18:09:01","guid":{"rendered":"https:\/\/cerealescusato.com.ar\/?page_id=8"},"modified":"2020-07-21T18:09:01","modified_gmt":"2020-07-21T18:09:01","slug":"cereales-cusato","status":"publish","type":"page","link":"https:\/\/cerealescusato.com.ar\/","title":{"rendered":"Cereales Cusato"},"content":{"rendered":"<div class=\"wpb-content-wrapper\"><p>[vc_row type=&#8221;full-nopad&#8221; content_placement=&#8221;middle&#8221; css=&#8221;.vc_custom_1595443252589{background-color: #1b561a !important;background-position: center !important;background-repeat: no-repeat !important;background-size: contain !important;}&#8221;][vc_column width=&#8221;1\/4&#8243;][\/vc_column][vc_column width=&#8221;1\/2&#8243;][\/vc_column][vc_column width=&#8221;1\/4&#8243; offset=&#8221;vc_hidden-md vc_hidden-sm vc_hidden-xs&#8221;][vc_empty_space height=&#8221;15px&#8221;]\r\n\t\t\t<div class=\"nm_btn_align_center\">\r\n\t\t\t\t<a href=\"http:\/\/179.63.100.2:8183\" class=\"nm_btn nm_btn_xs nm_btn_filled_rounded\"target=\"_blank\">\r\n\t\t\t\t\t<span class=\"nm_btn_title\">ACCESO CLIENTES<\/span>\r\n\t\t\t\t\t<span class=\"nm_btn_bg\" style=\"background-color:#acc933;\"><\/span>\r\n\t\t\t\t<\/a>\r\n\t\t\t<\/div>[vc_empty_space height=&#8221;15px&#8221;][\/vc_column][\/vc_row][vc_row type=&#8221;full-nopad&#8221; content_placement=&#8221;middle&#8221; css=&#8221;.vc_custom_1595443252589{background-color: #1b561a !important;background-position: center !important;background-repeat: no-repeat !important;background-size: contain !important;}&#8221;][vc_column offset=&#8221;vc_hidden-lg&#8221;][vc_empty_space height=&#8221;15px&#8221;]\r\n\t\t\t<div class=\"nm_btn_align_center\">\r\n\t\t\t\t<a href=\"http:\/\/179.63.100.2:8183\" class=\"nm_btn nm_btn_xs nm_btn_filled_rounded\"target=\"_blank\">\r\n\t\t\t\t\t<span class=\"nm_btn_title\">ACCESO CLIENTES<\/span>\r\n\t\t\t\t\t<span class=\"nm_btn_bg\" style=\"background-color:#acc933;\"><\/span>\r\n\t\t\t\t<\/a>\r\n\t\t\t<\/div>[vc_empty_space height=&#8221;15px&#8221;][\/vc_column][\/vc_row][vc_row type=&#8221;full-nopad&#8221; content_placement=&#8221;middle&#8221; css=&#8221;.vc_custom_1595442842466{background-position: center !important;background-repeat: no-repeat !important;background-size: contain !important;}&#8221;][vc_column]<div class=\"nm-banner-slider plugin-slick pagination-color-gray slick-slider slick-dots-inside has-pagination pagination-mobile-inside pagination-center\" data-adaptive-height=\"true\" data-arrows=\"true\" data-dots=\"true\" data-fade=\"true\" data-speed=\"1000\" data-autoplay=\"true\" data-autoplay-speed=\"3500\" data-infinite=\"true\">\r\n\t\t\t<div class=\"nm-banner content-full image-type-fluid has-alt-image text-color-dark subtitle-below\" style=\"\"><img loading=\"lazy\" decoding=\"async\" src=\"https:\/\/cerealescusato.com.ar\/wp-content\/uploads\/2020\/09\/cusato-cereales-acopio-de-cereales-_1_60anios_2-1.jpg\" width=\"2300\" height=\"751\" alt=\"cusato cereales acopio de cereales _1_60anios_2\" \/><img loading=\"lazy\" decoding=\"async\" src=\"https:\/\/cerealescusato.com.ar\/wp-content\/uploads\/2020\/09\/cusato-cereales-acopio-de-cereales-cel_1.jpg\" class=\"nm-banner-alt-image img\" width=\"1241\" height=\"751\" alt=\"cusato cereales acopio de cereales cel_1\" \/>\r\n\t\t\t<\/div>\r\n\t\t\t<div class=\"nm-banner content-full image-type-fluid has-alt-image text-color-dark subtitle-below\" style=\"\"><img loading=\"lazy\" decoding=\"async\" src=\"https:\/\/cerealescusato.com.ar\/wp-content\/uploads\/2020\/09\/home-cusato-cereales-acopio-de-cereales-trigo-60-anios.jpg\" width=\"2300\" height=\"751\" alt=\"home cusato cereales acopio de cereales trigo 60 anios\" \/><img loading=\"lazy\" decoding=\"async\" src=\"https:\/\/cerealescusato.com.ar\/wp-content\/uploads\/2020\/09\/home-cusato-cereales-acopio-de-cereales-trigo-cel-2.jpg\" class=\"nm-banner-alt-image img\" width=\"1241\" height=\"751\" alt=\"home cusato cereales acopio de cereales trigo cel 2\" \/>\r\n\t\t\t<\/div>\r\n\t\t\t<div class=\"nm-banner content-full image-type-fluid has-alt-image text-color-dark subtitle-below\" style=\"\"><img loading=\"lazy\" decoding=\"async\" src=\"https:\/\/cerealescusato.com.ar\/wp-content\/uploads\/2020\/09\/cusato-cereales-acopio-de-cereales-_1_60anios_3.jpg\" width=\"2300\" height=\"751\" alt=\"cusato cereales acopio de cereales _1_60anios_3\" \/><img loading=\"lazy\" decoding=\"async\" src=\"https:\/\/cerealescusato.com.ar\/wp-content\/uploads\/2020\/09\/cusato-cereales-acopio-de-cereales-_1_60anios_3_cel.jpg\" class=\"nm-banner-alt-image img\" width=\"1241\" height=\"751\" alt=\"cusato cereales acopio de cereales _1_60anios_3_cel\" \/>\r\n\t\t\t<\/div><\/div>[\/vc_column][\/vc_row][vc_row type=&#8221;full-nopad&#8221; css=&#8221;.vc_custom_1595355432605{background-color: #ffc300 !important;}&#8221;][vc_column width=&#8221;1\/6&#8243;][\/vc_column][vc_column css_animation=&#8221;none&#8221; width=&#8221;2\/3&#8243;][vc_empty_space height=&#8221;45px&#8221;][vc_empty_space height=&#8221;45px&#8221;][vc_column_text]<\/p>\n<h2 style=\"text-align: center;\">Desde 1960 estamos junto al productor agropecuario de nuestra regi\u00f3n para brindarle soluciones a su tarea con la suma de nuevos servicios.<\/h2>\n<p>[\/vc_column_text][vc_empty_space height=&#8221;45px&#8221;][vc_empty_space height=&#8221;45px&#8221;][\/vc_column][vc_column width=&#8221;1\/6&#8243;][\/vc_column][\/vc_row][vc_row type=&#8221;full-nopad&#8221; max_width=&#8221;1500&#8243;][vc_column width=&#8221;1\/6&#8243;][vc_empty_space height=&#8221;45px&#8221;][\/vc_column][vc_column css_animation=&#8221;none&#8221; width=&#8221;2\/3&#8243;][vc_empty_space height=&#8221;45px&#8221;][vc_column_text]<\/p>\n<p style=\"text-align: justify;\">Jos\u00e9 A. Cusato S.A. es una empresa familiar dedicada, desde hace 60 a\u00f1os, al acopio y comercializaci\u00f3n de cereales. Nuestra firma tiene como objetivos fundamentales brindar garant\u00eda y confiabilidad al hombre de campo en las transacciones comerciales del producto de su trabajo.<\/p>\n<p style=\"text-align: justify;\">Con nuestras oficinas comerciales ubicadas en la localidad de Ferre, provincia de Buenos Aires, y dos plantas de silos, desarrollamos nuestra tarea en la zona productiva m\u00e1s importante del pa\u00eds.<\/p>\n<p style=\"text-align: justify;\">Desde 1960 estamos junto al productor agropecuario de nuestra regi\u00f3n para brindarle soluciones a su tarea con la suma de nuevos servicios.<br \/>\nDesde hace 60 a\u00f1os estamos al servicio del hombre de campo.<\/p>\n<p>[\/vc_column_text][vc_empty_space height=&#8221;45px&#8221;][vc_empty_space height=&#8221;45px&#8221;][\/vc_column][vc_column width=&#8221;1\/6&#8243;][vc_empty_space height=&#8221;45px&#8221;][\/vc_column][\/vc_row][vc_row type=&#8221;full-nopad&#8221; css=&#8221;.vc_custom_1595443543398{background-color: #acc933 !important;}&#8221;][vc_column][vc_empty_space height=&#8221;45px&#8221;][vc_column_text]<\/p>\n<h1 style=\"text-align: center;\">SERVICIOS<\/h1>\n<p>[\/vc_column_text][vc_empty_space height=&#8221;45px&#8221;][\/vc_column][\/vc_row][vc_row type=&#8221;full-nopad&#8221; max_width=&#8221;1700&#8243;][vc_column][vc_empty_space height=&#8221;45px&#8221;][vc_empty_space height=&#8221;45px&#8221;][\/vc_column][\/vc_row][vc_row type=&#8221;full-nopad&#8221; max_width=&#8221;1700&#8243;][vc_column width=&#8221;1\/3&#8243;][vc_column_text]<img loading=\"lazy\" decoding=\"async\" class=\"aligncenter size-full wp-image-98\" src=\"http:\/\/cerealescusato.com.ar\/wp-content\/uploads\/2020\/07\/icono-acopio-de-granos-ferre-buenos-aires-cusato-cereales.jpg\" alt=\"\" width=\"259\" height=\"124\" \/>[\/vc_column_text][vc_empty_space height=&#8221;15px&#8221;][vc_column_text]<\/p>\n<h3 style=\"text-align: center;\">Acopio de cereales.<\/h3>\n<p>[\/vc_column_text][vc_empty_space height=&#8221;15px&#8221;][vc_separator accent_color=&#8221;#f4df22&#8243;][vc_empty_space height=&#8221;15px&#8221;][vc_empty_space height=&#8221;45px&#8221;][\/vc_column][vc_column width=&#8221;1\/3&#8243;][vc_column_text]<img loading=\"lazy\" decoding=\"async\" class=\"aligncenter size-full wp-image-99\" src=\"http:\/\/cerealescusato.com.ar\/wp-content\/uploads\/2020\/07\/icono-semillas-de-granos-ferre-buenos-aires-cusato-cereales.jpg\" alt=\"\" width=\"259\" height=\"124\" \/>[\/vc_column_text][vc_empty_space height=&#8221;15px&#8221;][vc_column_text]<\/p>\n<h3 style=\"text-align: center;\">Comercializaci\u00f3n de semillas.<\/h3>\n<p>[\/vc_column_text][vc_empty_space height=&#8221;15px&#8221;][vc_separator accent_color=&#8221;#f4df22&#8243;][vc_empty_space height=&#8221;15px&#8221;][vc_empty_space height=&#8221;45px&#8221;][\/vc_column][vc_column width=&#8221;1\/3&#8243;][vc_column_text]<img loading=\"lazy\" decoding=\"async\" class=\"aligncenter size-full wp-image-100\" src=\"http:\/\/cerealescusato.com.ar\/wp-content\/uploads\/2020\/07\/icono-herbicidad-de-granos-ferre-buenos-aires-cusato-cereales.jpg\" alt=\"\" width=\"259\" height=\"124\" \/>[\/vc_column_text][vc_empty_space height=&#8221;15px&#8221;][vc_column_text]<\/p>\n<h3 style=\"text-align: center;\">Venta de herbicidas.<\/h3>\n<p>[\/vc_column_text][vc_empty_space height=&#8221;15px&#8221;][vc_separator accent_color=&#8221;#f4df22&#8243;][vc_empty_space height=&#8221;15px&#8221;][vc_empty_space height=&#8221;45px&#8221;][\/vc_column][\/vc_row][vc_row type=&#8221;full-nopad&#8221; max_width=&#8221;1700&#8243;][vc_column width=&#8221;1\/3&#8243;][vc_column_text]<img loading=\"lazy\" decoding=\"async\" class=\"aligncenter size-full wp-image-101\" src=\"http:\/\/cerealescusato.com.ar\/wp-content\/uploads\/2020\/07\/icono-fertilizantes-de-granos-ferre-buenos-aires-cusato-cereales.jpg\" alt=\"\" width=\"259\" height=\"124\" \/>[\/vc_column_text][vc_empty_space height=&#8221;15px&#8221;][vc_column_text]<\/p>\n<h3 style=\"text-align: center;\">Venta fertilizantes.<\/h3>\n<p>[\/vc_column_text][vc_empty_space height=&#8221;15px&#8221;][vc_separator accent_color=&#8221;#f4df22&#8243;][vc_empty_space height=&#8221;15px&#8221;][vc_empty_space height=&#8221;45px&#8221;][\/vc_column][vc_column width=&#8221;1\/3&#8243;][vc_column_text]<img loading=\"lazy\" decoding=\"async\" class=\"aligncenter size-full wp-image-102\" src=\"http:\/\/cerealescusato.com.ar\/wp-content\/uploads\/2020\/07\/icono-transporte-de-granos-ferre-buenos-aires-cusato-cereales.jpg\" alt=\"\" width=\"259\" height=\"124\" \/>[\/vc_column_text][vc_empty_space height=&#8221;15px&#8221;][vc_column_text]<\/p>\n<h3 style=\"text-align: center;\">Transporte de granos.<\/h3>\n<p>[\/vc_column_text][vc_empty_space height=&#8221;15px&#8221;][vc_separator accent_color=&#8221;#f4df22&#8243;][vc_empty_space height=&#8221;15px&#8221;][vc_empty_space height=&#8221;45px&#8221;][\/vc_column][vc_column width=&#8221;1\/3&#8243;][vc_column_text]<img loading=\"lazy\" decoding=\"async\" class=\"aligncenter size-full wp-image-103\" src=\"http:\/\/cerealescusato.com.ar\/wp-content\/uploads\/2020\/07\/iconosseguros.jpg\" alt=\"\" width=\"259\" height=\"124\" \/>[\/vc_column_text][vc_empty_space height=&#8221;15px&#8221;][vc_column_text]<\/p>\n<h3 style=\"text-align: center;\">Servicio de seguros.<\/h3>\n<p>[\/vc_column_text][vc_empty_space height=&#8221;15px&#8221;][vc_separator accent_color=&#8221;#f4df22&#8243;][vc_empty_space height=&#8221;15px&#8221;][vc_empty_space height=&#8221;45px&#8221;][\/vc_column][\/vc_row][vc_row type=&#8221;full-nopad&#8221; max_width=&#8221;1700&#8243;][vc_column][vc_empty_space height=&#8221;45px&#8221;][vc_empty_space height=&#8221;45px&#8221;][\/vc_column][\/vc_row][vc_row type=&#8221;full-nopad&#8221; content_placement=&#8221;middle&#8221; css=&#8221;.vc_custom_1595443252589{background-color: #1b561a !important;background-position: center !important;background-repeat: no-repeat !important;background-size: contain !important;}&#8221;][vc_column][vc_empty_space height=&#8221;15px&#8221;][vc_empty_space height=&#8221;15px&#8221;][vc_empty_space height=&#8221;15px&#8221;]\r\n\t\t\t<div class=\"nm_btn_align_center\">\r\n\t\t\t\t<a href=\"http:\/\/179.63.100.2:8183\/\" class=\"nm_btn nm_btn_xs nm_btn_filled_rounded\"target=\"_blank\">\r\n\t\t\t\t\t<span class=\"nm_btn_title\">ACCESO CLIENTES<\/span>\r\n\t\t\t\t\t<span class=\"nm_btn_bg\" style=\"background-color:#acc933;\"><\/span>\r\n\t\t\t\t<\/a>\r\n\t\t\t<\/div>[vc_empty_space height=&#8221;15px&#8221;][vc_empty_space height=&#8221;15px&#8221;][vc_empty_space height=&#8221;15px&#8221;][\/vc_column][\/vc_row]<\/p>\n<\/div>","protected":false},"excerpt":{"rendered":"<p>[vc_row type=&#8221;full-nopad&#8221; content_placement=&#8221;middle&#8221; css=&#8221;.vc_custom_1595443252589{background-color: #1b561a !important;background-position: center !important;background-repeat: no-repeat !important;background-size: contain !important;}&#8221;][vc_column width=&#8221;1\/4&#8243;][\/vc_column][vc_column width=&#8221;1\/2&#8243;][\/vc_column][vc_column width=&#8221;1\/4&#8243; offset=&#8221;vc_hidden-md vc_hidden-sm vc_hidden-xs&#8221;][vc_empty_space height=&#8221;15px&#8221;][vc_empty_space height=&#8221;15px&#8221;][\/vc_column][\/vc_row][vc_row type=&#8221;full-nopad&#8221; content_placement=&#8221;middle&#8221; css=&#8221;.vc_custom_1595443252589{background-color: #1b561a !important;background-position: center !important;background-repeat: no-repeat !important;background-size: contain !important;}&#8221;][vc_column offset=&#8221;vc_hidden-lg&#8221;][vc_empty_space height=&#8221;15px&#8221;][vc_empty_space height=&#8221;15px&#8221;][\/vc_column][\/vc_row][vc_row type=&#8221;full-nopad&#8221; content_placement=&#8221;middle&#8221; css=&#8221;.vc_custom_1595442842466{background-position: center !important;background-repeat: no-repeat !important;background-size: contain !important;}&#8221;][vc_column][\/vc_column][\/vc_row][vc_row type=&#8221;full-nopad&#8221; css=&#8221;.vc_custom_1595355432605{background-color: #ffc300 !important;}&#8221;][vc_column width=&#8221;1\/6&#8243;][\/vc_column][vc_column css_animation=&#8221;none&#8221; width=&#8221;2\/3&#8243;][vc_empty_space height=&#8221;45px&#8221;][vc_empty_space height=&#8221;45px&#8221;][vc_column_text] Desde 1960 estamos &hellip;<\/p>\n","protected":false},"author":2,"featured_media":0,"parent":0,"menu_order":0,"comment_status":"closed","ping_status":"closed","template":"templates\/page-full.php","meta":{"footnotes":""},"class_list":["post-202","page","type-page","status-publish","hentry"],"_links":{"self":[{"href":"https:\/\/cerealescusato.com.ar\/index.php?rest_route=\/wp\/v2\/pages\/202","targetHints":{"allow":["GET"]}}],"collection":[{"href":"https:\/\/cerealescusato.com.ar\/index.php?rest_route=\/wp\/v2\/pages"}],"about":[{"href":"https:\/\/cerealescusato.com.ar\/index.php?rest_route=\/wp\/v2\/types\/page"}],"author":[{"embeddable":true,"href":"https:\/\/cerealescusato.com.ar\/index.php?rest_route=\/wp\/v2\/users\/2"}],"replies":[{"embeddable":true,"href":"https:\/\/cerealescusato.com.ar\/index.php?rest_route=%2Fwp%2Fv2%2Fcomments&post=202"}],"version-history":[{"count":0,"href":"https:\/\/cerealescusato.com.ar\/index.php?rest_route=\/wp\/v2\/pages\/202\/revisions"}],"wp:attachment":[{"href":"https:\/\/cerealescusato.com.ar\/index.php?rest_route=%2Fwp%2Fv2%2Fmedia&parent=202"}],"curies":[{"name":"wp","href":"https:\/\/api.w.org\/{rel}","templated":true}]}}